{"id":1977,"date":"2024-01-24T19:28:53","date_gmt":"2024-01-24T19:28:53","guid":{"rendered":"https:\/\/rastapatsid.ee\/pood\/?post_type=product&#038;p=1977"},"modified":"2025-12-04T18:55:44","modified_gmt":"2025-12-04T18:55:44","slug":"rastapatside-kinkekaart","status":"publish","type":"product","link":"https:\/\/rastapatsid.ee\/pood\/toode\/rastapatside-kinkekaart\/","title":{"rendered":"Rastapatside kinkekaart"},"content":{"rendered":"<p>Rastapatside kinkekaart on ideaalne viis kuidas toetada l\u00e4hedase soovi saada omale rastapatsid. Paljudel on see unistus olnud aastaid, m\u00f5nel lapsep\u00f5lvest alates. Vahel v\u00f5ib kinkekaardi saamine anda t\u00e4pselt selle vajatud l\u00fckke, et oma unistus l\u00f5puks teoks teha!<\/p>\n<p>Siin veebipoes on kinkekaardi summaks pandud 50 eurot, k\u00fcll aga on erisoovi korral v\u00f5imalik selle asemel panna kinkekaardile ka rohkem v\u00e4\u00e4rtust &#8211; sel juhul kirjuta mulle @taneradreads (Instagramis) v\u00f5i Taneradreads Rastapatsid (Facebookis) v\u00f5i otse taneradreadsrastapatsid@gmail.com<\/p>\n","protected":false},"excerpt":{"rendered":"<p>Rastapatside kinkekaart on ideaalne viis kuidas toetada l\u00e4hedase soovi saada omale rastapatsid. Paljudel on see unistus olnud aastaid, m\u00f5nel lapsep\u00f5lvest alates. Vahel v\u00f5ib kinkekaardi saamine anda t\u00e4pselt selle vajatud l\u00fckke, et oma unistus l\u00f5puks teoks teha!<\/p>\n<p>Siin veebipoes on kinkekaardi summaks pandud 50 eurot, k\u00fcll aga on erisoovi korral v\u00f5imalik selle asemel panna kinkekaardile ka rohkem v\u00e4\u00e4rtust \u2013 sel juhul kirjuta mulle @taneradreads (Instagramis) v\u00f5i Taneradreads Rastapatsid (Facebookis) v\u00f5i otse taneradreadsrastapatsid@gmail.com<\/p>\n","protected":false},"featured_media":1978,"comment_status":"open","ping_status":"closed","template":"","meta":{"site-sidebar-layout":"default","site-content-layout":"default","ast-site-content-layout":"default","site-content-style":"default","site-sidebar-style":"default","ast-global-header-display":"","ast-banner-title-visibility":"","ast-main-header-display":"","ast-hfb-above-header-display":"","ast-hfb-below-header-display":"","ast-hfb-mobile-header-display":"","site-post-title":"","ast-breadcrumbs-content":"","ast-featured-img":"","footer-sml-layout":"","ast-disable-related-posts":"","theme-transparent-header-meta":"default","adv-header-id-meta":"","stick-header-meta":"","header-above-stick-meta":"","header-main-stick-meta":"","header-below-stick-meta":"","astra-migrate-meta-layouts":"set","ast-page-background-enabled":"default","ast-page-background-meta":{"desktop":{"background-color":"","background-image":"","background-repeat":"repeat","background-position":"center center","background-size":"auto","background-attachment":"scroll","background-type":"","background-media":"","overlay-type":"","overlay-color":"","overlay-opacity":"","overlay-gradient":""},"tablet":{"background-color":"","background-image":"","background-repeat":"repeat","background-position":"center center","background-size":"auto","background-attachment":"scroll","background-type":"","background-media":"","overlay-type":"","overlay-color":"","overlay-opacity":"","overlay-gradient":""},"mobile":{"background-color":"","background-image":"","background-repeat":"repeat","background-position":"center center","background-size":"auto","background-attachment":"scroll","background-type":"","background-media":"","overlay-type":"","overlay-color":"","overlay-opacity":"","overlay-gradient":""}},"ast-content-background-meta":{"desktop":{"background-color":"var(--ast-global-color-5)","background-image":"","background-repeat":"repeat","background-position":"center center","background-size":"auto","background-attachment":"scroll","background-type":"","background-media":"","overlay-type":"","overlay-color":"","overlay-opacity":"","overlay-gradient":""},"tablet":{"background-color":"var(--ast-global-color-5)","background-image":"","background-repeat":"repeat","background-position":"center center","background-size":"auto","background-attachment":"scroll","background-type":"","background-media":"","overlay-type":"","overlay-color":"","overlay-opacity":"","overlay-gradient":""},"mobile":{"background-color":"var(--ast-global-color-5)","background-image":"","background-repeat":"repeat","background-position":"center center","background-size":"auto","background-attachment":"scroll","background-type":"","background-media":"","overlay-type":"","overlay-color":"","overlay-opacity":"","overlay-gradient":""}}},"product_brand":[],"product_cat":[39],"product_tag":[40,28],"class_list":{"0":"post-1977","1":"product","2":"type-product","3":"status-publish","4":"has-post-thumbnail","6":"product_cat-kinkekaardid","7":"product_tag-kinkekaardid","8":"product_tag-rastapatsid","9":"desktop-align-left","10":"tablet-align-left","11":"mobile-align-left","13":"first","14":"instock","15":"shipping-taxable","16":"purchasable","17":"product-type-simple"},"yoast_head":"<!-- This site is optimized with the Yoast SEO plugin v27.4 - https:\/\/yoast.com\/product\/yoast-seo-wordpress\/ -->\n<title>Rastapatside kinkekaart - TANERADREADS POOD<\/title>\n<meta name=\"description\" content=\"Rastapatside kinkekaart on ideaalne viis kuidas toetada l\u00e4hedase soovi saada omale rastapatsid. Paljudel on see unistus olnud aastaid, m\u00f5nel lapsep\u00f5lvest alates. Vahel v\u00f5ib kinkekaardi saamine anda t\u00e4pselt selle vajatud l\u00fckke, et oma unistus l\u00f5puks teoks teha!\" \/>\n<meta name=\"robots\" content=\"index, follow, max-snippet:-1, max-image-preview:large, max-video-preview:-1\" \/>\n<link rel=\"canonical\" href=\"https:\/\/rastapatsid.ee\/pood\/toode\/rastapatside-kinkekaart\/\" \/>\n<meta property=\"og:locale\" content=\"et_EE\" \/>\n<meta property=\"og:type\" content=\"article\" \/>\n<meta property=\"og:title\" content=\"Rastapatside kinkekaart - TANERADREADS POOD\" \/>\n<meta property=\"og:description\" content=\"Rastapatside kinkekaart on ideaalne viis kuidas toetada l\u00e4hedase soovi saada omale rastapatsid. Paljudel on see unistus olnud aastaid, m\u00f5nel lapsep\u00f5lvest alates. Vahel v\u00f5ib kinkekaardi saamine anda t\u00e4pselt selle vajatud l\u00fckke, et oma unistus l\u00f5puks teoks teha!\" \/>\n<meta property=\"og:url\" content=\"https:\/\/rastapatsid.ee\/pood\/toode\/rastapatside-kinkekaart\/\" \/>\n<meta property=\"og:site_name\" content=\"TANERADREADS POOD\" \/>\n<meta property=\"article:publisher\" content=\"https:\/\/www.facebook.com\/taneradreads\" \/>\n<meta property=\"article:modified_time\" content=\"2025-12-04T18:55:44+00:00\" \/>\n<meta property=\"og:image\" content=\"https:\/\/rastapatsid.ee\/pood\/wp-content\/uploads\/sites\/2\/2024\/01\/kinkekaart1small-scaled.jpg\" \/>\n\t<meta property=\"og:image:width\" content=\"2560\" \/>\n\t<meta property=\"og:image:height\" content=\"2560\" \/>\n\t<meta property=\"og:image:type\" content=\"image\/jpeg\" \/>\n<meta name=\"twitter:card\" content=\"summary_large_image\" \/>\n<meta name=\"twitter:label1\" content=\"Est. reading time\" \/>\n\t<meta name=\"twitter:data1\" content=\"1 minut\" \/>\n<script type=\"application\/ld+json\" class=\"yoast-schema-graph\">{\"@context\":\"https:\\\/\\\/schema.org\",\"@graph\":[{\"@type\":\"WebPage\",\"@id\":\"https:\\\/\\\/rastapatsid.ee\\\/pood\\\/toode\\\/rastapatside-kinkekaart\\\/\",\"url\":\"https:\\\/\\\/rastapatsid.ee\\\/pood\\\/toode\\\/rastapatside-kinkekaart\\\/\",\"name\":\"Rastapatside kinkekaart - TANERADREADS POOD\",\"isPartOf\":{\"@id\":\"https:\\\/\\\/rastapatsid.ee\\\/pood\\\/#website\"},\"primaryImageOfPage\":{\"@id\":\"https:\\\/\\\/rastapatsid.ee\\\/pood\\\/toode\\\/rastapatside-kinkekaart\\\/#primaryimage\"},\"image\":{\"@id\":\"https:\\\/\\\/rastapatsid.ee\\\/pood\\\/toode\\\/rastapatside-kinkekaart\\\/#primaryimage\"},\"thumbnailUrl\":\"https:\\\/\\\/rastapatsid.ee\\\/pood\\\/wp-content\\\/uploads\\\/sites\\\/2\\\/2024\\\/01\\\/kinkekaart1small-scaled.jpg\",\"datePublished\":\"2024-01-24T19:28:53+00:00\",\"dateModified\":\"2025-12-04T18:55:44+00:00\",\"description\":\"Rastapatside kinkekaart on ideaalne viis kuidas toetada l\u00e4hedase soovi saada omale rastapatsid. Paljudel on see unistus olnud aastaid, m\u00f5nel lapsep\u00f5lvest alates. Vahel v\u00f5ib kinkekaardi saamine anda t\u00e4pselt selle vajatud l\u00fckke, et oma unistus l\u00f5puks teoks teha!\",\"breadcrumb\":{\"@id\":\"https:\\\/\\\/rastapatsid.ee\\\/pood\\\/toode\\\/rastapatside-kinkekaart\\\/#breadcrumb\"},\"inLanguage\":\"et\",\"potentialAction\":[{\"@type\":\"ReadAction\",\"target\":[\"https:\\\/\\\/rastapatsid.ee\\\/pood\\\/toode\\\/rastapatside-kinkekaart\\\/\"]}]},{\"@type\":\"ImageObject\",\"inLanguage\":\"et\",\"@id\":\"https:\\\/\\\/rastapatsid.ee\\\/pood\\\/toode\\\/rastapatside-kinkekaart\\\/#primaryimage\",\"url\":\"https:\\\/\\\/rastapatsid.ee\\\/pood\\\/wp-content\\\/uploads\\\/sites\\\/2\\\/2024\\\/01\\\/kinkekaart1small-scaled.jpg\",\"contentUrl\":\"https:\\\/\\\/rastapatsid.ee\\\/pood\\\/wp-content\\\/uploads\\\/sites\\\/2\\\/2024\\\/01\\\/kinkekaart1small-scaled.jpg\",\"width\":2560,\"height\":2560},{\"@type\":\"BreadcrumbList\",\"@id\":\"https:\\\/\\\/rastapatsid.ee\\\/pood\\\/toode\\\/rastapatside-kinkekaart\\\/#breadcrumb\",\"itemListElement\":[{\"@type\":\"ListItem\",\"position\":1,\"name\":\"Home\",\"item\":\"https:\\\/\\\/rastapatsid.ee\\\/pood\\\/\"},{\"@type\":\"ListItem\",\"position\":2,\"name\":\"Tooted\",\"item\":\"https:\\\/\\\/rastapatsid.ee\\\/pood\\\/tooted\\\/\"},{\"@type\":\"ListItem\",\"position\":3,\"name\":\"Rastapatside kinkekaart\"}]},{\"@type\":\"WebSite\",\"@id\":\"https:\\\/\\\/rastapatsid.ee\\\/pood\\\/#website\",\"url\":\"https:\\\/\\\/rastapatsid.ee\\\/pood\\\/\",\"name\":\"TANERADREADS POOD\",\"description\":\"Eriline, julge ja t\u00e4hendusrikas enesev\u00e4ljendus!\",\"publisher\":{\"@id\":\"https:\\\/\\\/rastapatsid.ee\\\/pood\\\/#organization\"},\"potentialAction\":[{\"@type\":\"SearchAction\",\"target\":{\"@type\":\"EntryPoint\",\"urlTemplate\":\"https:\\\/\\\/rastapatsid.ee\\\/pood\\\/?s={search_term_string}\"},\"query-input\":{\"@type\":\"PropertyValueSpecification\",\"valueRequired\":true,\"valueName\":\"search_term_string\"}}],\"inLanguage\":\"et\"},{\"@type\":\"Organization\",\"@id\":\"https:\\\/\\\/rastapatsid.ee\\\/pood\\\/#organization\",\"name\":\"Taneradreads Rastapatsid\",\"url\":\"https:\\\/\\\/rastapatsid.ee\\\/pood\\\/\",\"logo\":{\"@type\":\"ImageObject\",\"inLanguage\":\"et\",\"@id\":\"https:\\\/\\\/rastapatsid.ee\\\/pood\\\/#\\\/schema\\\/logo\\\/image\\\/\",\"url\":\"https:\\\/\\\/rastapatsid.ee\\\/pood\\\/wp-content\\\/uploads\\\/sites\\\/2\\\/2020\\\/10\\\/cropped-iconsmall.png\",\"contentUrl\":\"https:\\\/\\\/rastapatsid.ee\\\/pood\\\/wp-content\\\/uploads\\\/sites\\\/2\\\/2020\\\/10\\\/cropped-iconsmall.png\",\"width\":512,\"height\":512,\"caption\":\"Taneradreads Rastapatsid\"},\"image\":{\"@id\":\"https:\\\/\\\/rastapatsid.ee\\\/pood\\\/#\\\/schema\\\/logo\\\/image\\\/\"},\"sameAs\":[\"https:\\\/\\\/www.facebook.com\\\/taneradreads\",\"https:\\\/\\\/instagram.com\\\/taneradreads\",\"https:\\\/\\\/www.youtube.com\\\/c\\\/taneradreadsrastapatsid\"]}]}<\/script>\n<!-- \/ Yoast SEO plugin. -->","yoast_head_json":{"title":"Rastapatside kinkekaart - TANERADREADS POOD","description":"Rastapatside kinkekaart on ideaalne viis kuidas toetada l\u00e4hedase soovi saada omale rastapatsid. Paljudel on see unistus olnud aastaid, m\u00f5nel lapsep\u00f5lvest alates. Vahel v\u00f5ib kinkekaardi saamine anda t\u00e4pselt selle vajatud l\u00fckke, et oma unistus l\u00f5puks teoks teha!","robots":{"index":"index","follow":"follow","max-snippet":"max-snippet:-1","max-image-preview":"max-image-preview:large","max-video-preview":"max-video-preview:-1"},"canonical":"https:\/\/rastapatsid.ee\/pood\/toode\/rastapatside-kinkekaart\/","og_locale":"et_EE","og_type":"article","og_title":"Rastapatside kinkekaart - TANERADREADS POOD","og_description":"Rastapatside kinkekaart on ideaalne viis kuidas toetada l\u00e4hedase soovi saada omale rastapatsid. Paljudel on see unistus olnud aastaid, m\u00f5nel lapsep\u00f5lvest alates. Vahel v\u00f5ib kinkekaardi saamine anda t\u00e4pselt selle vajatud l\u00fckke, et oma unistus l\u00f5puks teoks teha!","og_url":"https:\/\/rastapatsid.ee\/pood\/toode\/rastapatside-kinkekaart\/","og_site_name":"TANERADREADS POOD","article_publisher":"https:\/\/www.facebook.com\/taneradreads","article_modified_time":"2025-12-04T18:55:44+00:00","og_image":[{"width":2560,"height":2560,"url":"https:\/\/rastapatsid.ee\/pood\/wp-content\/uploads\/sites\/2\/2024\/01\/kinkekaart1small-scaled.jpg","type":"image\/jpeg"}],"twitter_card":"summary_large_image","twitter_misc":{"Est. reading time":"1 minut"},"schema":{"@context":"https:\/\/schema.org","@graph":[{"@type":"WebPage","@id":"https:\/\/rastapatsid.ee\/pood\/toode\/rastapatside-kinkekaart\/","url":"https:\/\/rastapatsid.ee\/pood\/toode\/rastapatside-kinkekaart\/","name":"Rastapatside kinkekaart - TANERADREADS POOD","isPartOf":{"@id":"https:\/\/rastapatsid.ee\/pood\/#website"},"primaryImageOfPage":{"@id":"https:\/\/rastapatsid.ee\/pood\/toode\/rastapatside-kinkekaart\/#primaryimage"},"image":{"@id":"https:\/\/rastapatsid.ee\/pood\/toode\/rastapatside-kinkekaart\/#primaryimage"},"thumbnailUrl":"https:\/\/rastapatsid.ee\/pood\/wp-content\/uploads\/sites\/2\/2024\/01\/kinkekaart1small-scaled.jpg","datePublished":"2024-01-24T19:28:53+00:00","dateModified":"2025-12-04T18:55:44+00:00","description":"Rastapatside kinkekaart on ideaalne viis kuidas toetada l\u00e4hedase soovi saada omale rastapatsid. Paljudel on see unistus olnud aastaid, m\u00f5nel lapsep\u00f5lvest alates. Vahel v\u00f5ib kinkekaardi saamine anda t\u00e4pselt selle vajatud l\u00fckke, et oma unistus l\u00f5puks teoks teha!","breadcrumb":{"@id":"https:\/\/rastapatsid.ee\/pood\/toode\/rastapatside-kinkekaart\/#breadcrumb"},"inLanguage":"et","potentialAction":[{"@type":"ReadAction","target":["https:\/\/rastapatsid.ee\/pood\/toode\/rastapatside-kinkekaart\/"]}]},{"@type":"ImageObject","inLanguage":"et","@id":"https:\/\/rastapatsid.ee\/pood\/toode\/rastapatside-kinkekaart\/#primaryimage","url":"https:\/\/rastapatsid.ee\/pood\/wp-content\/uploads\/sites\/2\/2024\/01\/kinkekaart1small-scaled.jpg","contentUrl":"https:\/\/rastapatsid.ee\/pood\/wp-content\/uploads\/sites\/2\/2024\/01\/kinkekaart1small-scaled.jpg","width":2560,"height":2560},{"@type":"BreadcrumbList","@id":"https:\/\/rastapatsid.ee\/pood\/toode\/rastapatside-kinkekaart\/#breadcrumb","itemListElement":[{"@type":"ListItem","position":1,"name":"Home","item":"https:\/\/rastapatsid.ee\/pood\/"},{"@type":"ListItem","position":2,"name":"Tooted","item":"https:\/\/rastapatsid.ee\/pood\/tooted\/"},{"@type":"ListItem","position":3,"name":"Rastapatside kinkekaart"}]},{"@type":"WebSite","@id":"https:\/\/rastapatsid.ee\/pood\/#website","url":"https:\/\/rastapatsid.ee\/pood\/","name":"TANERADREADS POOD","description":"Eriline, julge ja t\u00e4hendusrikas enesev\u00e4ljendus!","publisher":{"@id":"https:\/\/rastapatsid.ee\/pood\/#organization"},"potentialAction":[{"@type":"SearchAction","target":{"@type":"EntryPoint","urlTemplate":"https:\/\/rastapatsid.ee\/pood\/?s={search_term_string}"},"query-input":{"@type":"PropertyValueSpecification","valueRequired":true,"valueName":"search_term_string"}}],"inLanguage":"et"},{"@type":"Organization","@id":"https:\/\/rastapatsid.ee\/pood\/#organization","name":"Taneradreads Rastapatsid","url":"https:\/\/rastapatsid.ee\/pood\/","logo":{"@type":"ImageObject","inLanguage":"et","@id":"https:\/\/rastapatsid.ee\/pood\/#\/schema\/logo\/image\/","url":"https:\/\/rastapatsid.ee\/pood\/wp-content\/uploads\/sites\/2\/2020\/10\/cropped-iconsmall.png","contentUrl":"https:\/\/rastapatsid.ee\/pood\/wp-content\/uploads\/sites\/2\/2020\/10\/cropped-iconsmall.png","width":512,"height":512,"caption":"Taneradreads Rastapatsid"},"image":{"@id":"https:\/\/rastapatsid.ee\/pood\/#\/schema\/logo\/image\/"},"sameAs":["https:\/\/www.facebook.com\/taneradreads","https:\/\/instagram.com\/taneradreads","https:\/\/www.youtube.com\/c\/taneradreadsrastapatsid"]}]}},"jetpack_sharing_enabled":true,"_links":{"self":[{"href":"https:\/\/rastapatsid.ee\/pood\/wp-json\/wp\/v2\/product\/1977","targetHints":{"allow":["GET"]}}],"collection":[{"href":"https:\/\/rastapatsid.ee\/pood\/wp-json\/wp\/v2\/product"}],"about":[{"href":"https:\/\/rastapatsid.ee\/pood\/wp-json\/wp\/v2\/types\/product"}],"replies":[{"embeddable":true,"href":"https:\/\/rastapatsid.ee\/pood\/wp-json\/wp\/v2\/comments?post=1977"}],"wp:featuredmedia":[{"embeddable":true,"href":"https:\/\/rastapatsid.ee\/pood\/wp-json\/wp\/v2\/media\/1978"}],"wp:attachment":[{"href":"https:\/\/rastapatsid.ee\/pood\/wp-json\/wp\/v2\/media?parent=1977"}],"wp:term":[{"taxonomy":"product_brand","embeddable":true,"href":"https:\/\/rastapatsid.ee\/pood\/wp-json\/wp\/v2\/product_brand?post=1977"},{"taxonomy":"product_cat","embeddable":true,"href":"https:\/\/rastapatsid.ee\/pood\/wp-json\/wp\/v2\/product_cat?post=1977"},{"taxonomy":"product_tag","embeddable":true,"href":"https:\/\/rastapatsid.ee\/pood\/wp-json\/wp\/v2\/product_tag?post=1977"}],"curies":[{"name":"wp","href":"https:\/\/api.w.org\/{rel}","templated":true}]}}